{"id":499,"date":"2025-10-01T12:13:33","date_gmt":"2025-10-01T10:13:33","guid":{"rendered":"https:\/\/maxi-online.it\/produkte\/"},"modified":"2026-03-02T13:23:15","modified_gmt":"2026-03-02T12:23:15","slug":"produkte","status":"publish","type":"page","link":"https:\/\/maxi-online.it\/de\/produkte\/","title":{"rendered":"Produkte"},"content":{"rendered":"[vc_row type=&#8220;in_container&#8220; full_screen_row_position=&#8220;middle&#8220; column_margin=&#8220;default&#8220; column_direction=&#8220;default&#8220; column_direction_tablet=&#8220;default&#8220; column_direction_phone=&#8220;default&#8220; scene_position=&#8220;center&#8220; text_color=&#8220;dark&#8220; text_align=&#8220;left&#8220; row_border_radius=&#8220;none&#8220; row_border_radius_applies=&#8220;bg&#8220; overflow=&#8220;visible&#8220; overlay_strength=&#8220;0.3&#8243; gradient_direction=&#8220;left_to_right&#8220; shape_divider_position=&#8220;bottom&#8220; bg_image_animation=&#8220;none&#8220;][vc_column column_padding=&#8220;no-extra-padding&#8220; column_padding_tablet=&#8220;inherit&#8220; column_padding_phone=&#8220;inherit&#8220; column_padding_position=&#8220;all&#8220; column_element_direction_desktop=&#8220;default&#8220; column_element_spacing=&#8220;default&#8220; desktop_text_alignment=&#8220;default&#8220; tablet_text_alignment=&#8220;default&#8220; phone_text_alignment=&#8220;default&#8220; background_color_opacity=&#8220;1&#8243; background_hover_color_opacity=&#8220;1&#8243; column_backdrop_filter=&#8220;none&#8220; column_shadow=&#8220;none&#8220; column_border_radius=&#8220;none&#8220; column_link_target=&#8220;_self&#8220; column_position=&#8220;default&#8220; gradient_direction=&#8220;left_to_right&#8220; overlay_strength=&#8220;0.3&#8243; width=&#8220;1\/1&#8243; tablet_width_inherit=&#8220;default&#8220; animation_type=&#8220;default&#8220; bg_image_animation=&#8220;none&#8220; border_type=&#8220;simple&#8220; column_border_width=&#8220;none&#8220; column_border_style=&#8220;solid&#8220;][vc_column_text css=&#8220;&#8220; text_direction=&#8220;default&#8220;]    <div class=\"maxi-products-wrapper\" data-ajax-url=\"https:\/\/maxi-online.it\/wp-admin\/admin-ajax.php\" data-active-category=\"industrie\">\n        \n                <!-- Main Category Navigation Bar (Full Width Colored) -->\n        <div class=\"maxi-main-navigation industry-color\" data-category-id=\"101\">\n            <div class=\"maxi-main-nav-inner\">\n                <a href=\"#\" class=\"maxi-main-nav-link active\" data-category=\"industrie\" data-term-id=\"101\" data-category-type=\"industry\">INDUSTRIE<\/a> <span class=\"maxi-nav-divider\">|<\/span> <a href=\"#\" class=\"maxi-main-nav-link \" data-category=\"einzelhandel\" data-term-id=\"103\" data-category-type=\"retail\">EINZELHANDEL<\/a>            <\/div>\n        <\/div>\n\n        <!-- Breadcrumb - hidden because useless -->\n        <!--<div class=\"maxi-breadcrumb\">\n            <div class=\"maxi-breadcrumb-inner\">\n                                <span class=\"maxi-breadcrumb-separator\">&gt;<\/span> \n                <span class=\"maxi-breadcrumb-current\"><\/span>\n            <\/div>\n        <\/div>-->\n\n        <!-- Category Header Section -->\n        <div class=\"maxi-category-header industry-color\">\n            <div class=\"maxi-category-header-inner\">\n                                    <div class=\"maxi-category-label\">INDUSTRIE<\/div>\n                    <h1 class=\"maxi-category-title\">\n                        Zucker f\u00fcr die Industrie                    <\/h1>\n                                            <div class=\"maxi-category-description\">\n                            <p>Wei\u00dfzucker entsteht durch Extraktion und Raffination aus Zuckerr\u00fcben oder Zuckerrohr und liegt in Form gleichm\u00e4\u00dfiger und rieself\u00e4higer Kristalle vor. Der Produktionsprozess umfasst drei Phasen: Extraktion, Kristallisation und Reinigung.  In der Extraktionsphase erh\u00e4lt man einen Rohsaft, der gefiltert und anschlie\u00dfend gek\u00fchlt wird. Es folgt die Kristallisation, bei der die Melasse abgetrennt wird, bevor<\/p>\n                        <\/div>\n                                                <\/div>\n        <\/div>\n        \n        <!-- Subcategory Filters (if any exist for active category) -->\n        <div class=\"maxi-products-filters\" id=\"maxi-subcategory-filters\">\n                \n    <div class=\"maxi-subcategory-section industry-color\">\n        <!-- Info box -->\n        <div class=\"maxi-subcat-info-box\">\n            <span class=\"maxi-subcat-icon\"><svg width=\"24\" height=\"33\" viewBox=\"0 0 24 33\" fill=\"none\" xmlns=\"http:\/\/www.w3.org\/2000\/svg\">\n<path fill-rule=\"evenodd\" clip-rule=\"evenodd\" d=\"M13.0587 21.5608C13.0587 22.1938 12.0867 22.1938 12.0867 21.5608V9.04442C12.0867 6.78604 9.06203 6.86482 9.06203 9.04442V23.7532H9.05913C9.05913 24.1871 8.51592 24.3976 8.21895 24.0768L4.39038 19.9338C2.7042 18.1093 -0.654925 19.8994 1.90893 22.9311L7.40777 29.43C8.63185 30.8763 9.85154 32.0392 11.8375 32.0392H19.0515C22.4499 32.0392 23.025 30.1818 23.025 26.8465L23.0265 19.4256C23.0265 17.8031 21.1853 17.5912 21.1752 19.0476V21.5594C21.1752 22.1924 20.2032 22.1924 20.2032 21.5594L20.2017 18.8715C20.2017 16.3381 17.177 16.2078 17.177 18.4977V21.5595C17.177 22.1925 16.205 22.1925 16.205 21.5595V17.9721C16.205 16.8723 15.5242 16.1964 14.6318 16.1964V16.1949C13.7453 16.1949 13.0587 16.8694 13.0587 17.9721L13.0587 21.5608ZM6.59938 11.5506C6.95863 12.0718 6.15756 12.6117 5.79828 12.0905C3.18644 8.30853 5.95763 3.1617 10.5758 3.1617C15.194 3.1617 17.9652 8.30706 15.3534 12.0905C14.9927 12.6118 14.1916 12.0719 14.5523 11.5506C16.7252 8.40432 14.4147 4.12379 10.5758 4.12379C6.73422 4.12379 4.4281 8.40872 6.59938 11.5506ZM6.44872 15.6562C6.99342 15.9827 6.49218 16.8004 5.94749 16.4739C0.975987 13.4981 0.0792915 6.71884 4.2338 2.61171C9.92103 -3.01061 19.5514 1.07368 19.5514 8.88C19.5514 11.5895 18.2955 14.1056 16.2066 15.7767C16.4818 15.9943 16.718 16.2765 16.8874 16.623C18.042 15.4158 20.1584 15.7896 20.9014 17.4751C22.0487 16.5958 24 17.3691 24 19.4256V26.8465C24 30.6013 23.1265 33 19.0545 33H11.8405C9.51547 33 8.0742 31.7097 6.66611 30.0456L1.16578 23.5468C-2.21236 19.554 2.57528 16.5511 5.1045 19.2879L8.09007 22.5186V9.04424C8.09007 5.60013 13.0586 5.51134 13.0586 9.04424V15.7763C13.5077 15.4226 14.061 15.2364 14.6318 15.2364V15.235C14.8317 15.235 15.0345 15.2579 15.2315 15.3066C19.237 12.4568 19.7439 6.76859 16.2267 3.29166C11.1521 -1.72502 2.56935 1.92546 2.56935 8.87952C2.56935 11.6778 4.06866 14.2301 6.44872 15.6562Z\" fill=\"#0072BB\"\/>\n<\/svg><\/span>\n            <span>Markieren Sie die Produkte, die Sie interessieren, und f\u00fcllen Sie das Formular am Ende der Seite aus, um die entsprechenden technischen Spezifikationen zu erhalten.<\/span>\n        <\/div>\n        \n        <!-- Subcategory grid -->\n        <div class=\"maxi-subcategory-grid\">\n                            <button type=\"button\" class=\"maxi-subcategory-box \" data-subcategory=\"kristallzucker\">\n                    <span class=\"maxi-subcat-radio\"><\/span>\n                    <span class=\"maxi-subcat-label\">Kristallzucker<\/span>\n                    <span class=\"maxi-subcat-arrow\">\u203a<\/span>\n                <\/button>\n                            <button type=\"button\" class=\"maxi-subcategory-box \" data-subcategory=\"isoglucose-und-glukose\">\n                    <span class=\"maxi-subcat-radio\"><\/span>\n                    <span class=\"maxi-subcat-label\">Isoglucose und Glukose<\/span>\n                    <span class=\"maxi-subcat-arrow\">\u203a<\/span>\n                <\/button>\n                            <button type=\"button\" class=\"maxi-subcategory-box \" data-subcategory=\"bio-zucker\">\n                    <span class=\"maxi-subcat-radio\"><\/span>\n                    <span class=\"maxi-subcat-label\">Bio-Zucker<\/span>\n                    <span class=\"maxi-subcat-arrow\">\u203a<\/span>\n                <\/button>\n                            <button type=\"button\" class=\"maxi-subcategory-box \" data-subcategory=\"dunkelzucker\">\n                    <span class=\"maxi-subcat-radio\"><\/span>\n                    <span class=\"maxi-subcat-label\">Dunkelzucker<\/span>\n                    <span class=\"maxi-subcat-arrow\">\u203a<\/span>\n                <\/button>\n                            <button type=\"button\" class=\"maxi-subcategory-box \" data-subcategory=\"spezialitaten\">\n                    <span class=\"maxi-subcat-radio\"><\/span>\n                    <span class=\"maxi-subcat-label\">Spezialit\u00e4ten<\/span>\n                    <span class=\"maxi-subcat-arrow\">\u203a<\/span>\n                <\/button>\n                            <button type=\"button\" class=\"maxi-subcategory-box \" data-subcategory=\"flussigkzucker-und-sirupe\">\n                    <span class=\"maxi-subcat-radio\"><\/span>\n                    <span class=\"maxi-subcat-label\">Fl\u00fcssigkzucker und Sirupe<\/span>\n                    <span class=\"maxi-subcat-arrow\">\u203a<\/span>\n                <\/button>\n                    <\/div>\n    <\/div>\n    \n            <\/div>\n\n        <!-- Products Grid -->\n        <div id=\"maxi-products-grid\" class=\"maxi-products-grid-anchor\" aria-hidden=\"true\"><\/div>\n        <div class=\"maxi-products-grid\" id=\"maxi-products-container\">\n            <div class=\"maxi-no-selection\"><p>W\u00e4hlen Sie eine Kategorie aus, um Produkte anzuzeigen.<\/p><\/div>        <\/div>\n\n        <!-- Loading indicator -->\n        <div class=\"maxi-products-loading\" style=\"display: none;\">\n            <span>Loading products...<\/span>\n        <\/div>\n\n        <!-- Request Form Section -->\n        <div class=\"maxi-request-form-section\">\n            <div class=\"maxi-form-container\">\n                \n                <h2 class=\"maxi-form-title\">Hier technische Spezifikationen anfordern<\/h2>\n                \n                <!-- Selected Products Display -->\n                <div class=\"maxi-selected-products-display\" id=\"maxi-selected-products-display\">\n                    <h3 class=\"maxi-selected-title\">Ich interessiere mich f\u00fcr<\/h3>\n                    <div class=\"maxi-selected-list\" id=\"maxi-selected-list\">\n                        <!-- Empty state will be populated by JavaScript -->\n                        <div class=\"maxi-products-empty-state\">\n                            <p><span class=\"empty-icon\">\ud83d\udce6<\/span>W\u00e4hlen Sie mindestens ein Produkt aus, um das Formular zu senden.<\/p>\n                        <\/div>\n                    <\/div>\n                <\/div>\n\n                <!-- CF7 Form Placeholder -->\n                <div class=\"maxi-cf7-form-wrapper\">\n                    \n<div class=\"wpcf7 no-js\" id=\"wpcf7-f536-o1\" lang=\"de-DE\" dir=\"ltr\" data-wpcf7-id=\"536\">\n<div class=\"screen-reader-response\"><p role=\"status\" aria-live=\"polite\" aria-atomic=\"true\"><\/p> <ul><\/ul><\/div>\n<form action=\"\/de\/wp-json\/wp\/v2\/pages\/499#wpcf7-f536-o1\" method=\"post\" class=\"wpcf7-form init\" aria-label=\"Kontaktformular\" novalidate=\"novalidate\" data-status=\"init\">\n<fieldset class=\"hidden-fields-container\"><input type=\"hidden\" name=\"_wpcf7\" value=\"536\" \/><input type=\"hidden\" name=\"_wpcf7_version\" value=\"6.1.5\" \/><input type=\"hidden\" name=\"_wpcf7_locale\" value=\"de_DE\" \/><input type=\"hidden\" name=\"_wpcf7_unit_tag\" value=\"wpcf7-f536-o1\" \/><input type=\"hidden\" name=\"_wpcf7_container_post\" value=\"0\" \/><input type=\"hidden\" name=\"_wpcf7_posted_data_hash\" value=\"\" \/><input type=\"hidden\" name=\"_wpcf7dtx_version\" value=\"5.0.5\" \/>\n<\/fieldset>\n<div class=\"maxi-form-row\">\n\t<div class=\"maxi-form-col\">\n\t\t<p><label><br \/>\n<span class=\"wpcf7-form-control-wrap\" data-name=\"user-first-name\"><input size=\"40\" maxlength=\"400\" class=\"wpcf7-form-control wpcf7-text wpcf7-validates-as-required\" autocomplete=\"name\" aria-required=\"true\" aria-invalid=\"false\" placeholder=\"Name*\" value=\"\" type=\"text\" name=\"user-first-name\" \/><\/span><br \/>\n<\/label>\n\t\t<\/p>\n\t<\/div>\n\t<div class=\"maxi-form-col\">\n\t\t<p><label><br \/>\n<span class=\"wpcf7-form-control-wrap\" data-name=\"user-last-name\"><input size=\"40\" maxlength=\"400\" class=\"wpcf7-form-control wpcf7-text wpcf7-validates-as-required\" autocomplete=\"name\" aria-required=\"true\" aria-invalid=\"false\" placeholder=\"Nachname*\" value=\"\" type=\"text\" name=\"user-last-name\" \/><\/span><br \/>\n<\/label>\n\t\t<\/p>\n\t<\/div>\n<\/div>\n<div class=\"maxi-form-row\">\n\t<div class=\"maxi-form-col\">\n\t\t<p><label><br \/>\n<span class=\"wpcf7-form-control-wrap\" data-name=\"user-phone\"><input size=\"40\" maxlength=\"400\" class=\"wpcf7-form-control wpcf7-tel wpcf7-text wpcf7-validates-as-tel\" aria-invalid=\"false\" placeholder=\"Telefon\" value=\"\" type=\"tel\" name=\"user-phone\" \/><\/span><br \/>\n<\/label>\n\t\t<\/p>\n\t<\/div>\n\t<div class=\"maxi-form-col\">\n\t\t<p><label><br \/>\n<span class=\"wpcf7-form-control-wrap\" data-name=\"user-email\"><input size=\"40\" maxlength=\"400\" class=\"wpcf7-form-control wpcf7-email wpcf7-validates-as-required wpcf7-text wpcf7-validates-as-email\" autocomplete=\"email\" aria-required=\"true\" aria-invalid=\"false\" placeholder=\"E-mail*\" value=\"\" type=\"email\" name=\"user-email\" \/><\/span><br \/>\n<\/label>\n\t\t<\/p>\n\t<\/div>\n<\/div>\n<div class=\"maxi-form-row\">\n\t<div class=\"maxi-form-col\">\n\t\t<p><label><br \/>\n<span class=\"wpcf7-form-control-wrap\" data-name=\"user-company\"><select class=\"wpcf7-form-control wpcf7-select wpcf7-validates-as-required\" aria-required=\"true\" aria-invalid=\"false\" name=\"user-company\"><option value=\"\">--- Firma ausw\u00e4hlen* ---<\/option><option value=\"Industrie\">Industrie<\/option><option value=\"H\u00e4ndler \/ Gro\u00dfh\u00e4ndler\">H\u00e4ndler \/ Gro\u00dfh\u00e4ndler<\/option><option value=\"Hersteller \/ Abf\u00fcller\">Hersteller \/ Abf\u00fcller<\/option><option value=\"HoReCa\">HoReCa<\/option><option value=\"Privat\">Privat<\/option><option value=\"Sonstiges\">Sonstiges<\/option><\/select><\/span><br \/>\n<\/label>\n\t\t<\/p>\n\t<\/div>\n\t<div class=\"maxi-form-col\">\n\t\t<p><label><br \/>\n<span class=\"wpcf7-form-control-wrap\" data-name=\"user-role\"><select class=\"wpcf7-form-control wpcf7-select wpcf7-validates-as-required\" aria-required=\"true\" aria-invalid=\"false\" name=\"user-role\"><option value=\"\">--- Position ausw\u00e4hlen* ---<\/option><option value=\"Eigent\u00fcmer\">Eigent\u00fcmer<\/option><option value=\"Einkaufsleiter\">Einkaufsleiter<\/option><option value=\"Forschung und Entwicklung\">Forschung und Entwicklung<\/option><option value=\"Vertrieb\">Vertrieb<\/option><option value=\"Sonstiges\">Sonstiges<\/option><\/select><\/span><br \/>\n<\/label>\n\t\t<\/p>\n\t<\/div>\n<\/div>\n<div class=\"maxi-form-row\">\n\t<div class=\"maxi-form-col maxi-form-col-full\">\n\t\t<p><label><br \/>\n<span class=\"wpcf7-form-control-wrap\" data-name=\"user-message\"><textarea cols=\"40\" rows=\"10\" maxlength=\"2000\" class=\"wpcf7-form-control wpcf7-textarea\" aria-invalid=\"false\" placeholder=\"Nachricht\" name=\"user-message\"><\/textarea><\/span><br \/>\n<\/label>\n\t\t<\/p>\n\t<\/div>\n<\/div>\n<div class=\"maxi-form-row\">\n\t<div class=\"maxi-form-col maxi-form-col-full\">\n\t\t<p><span class=\"wpcf7-form-control-wrap\" data-name=\"acceptance-privacy\"><span class=\"wpcf7-form-control wpcf7-acceptance\"><span class=\"wpcf7-list-item\"><input type=\"checkbox\" name=\"acceptance-privacy\" value=\"1\" aria-invalid=\"false\" \/><\/span><\/span><\/span><span class=\"maxi-acceptance-text\">Gelesen die Datenschutzerkl\u00e4rung, ich stimme der Verarbeitung meiner personenbezogenen Daten zu, um meiner Anfrage nachzugehen.<\/span>\n\t\t<\/p>\n\t<\/div>\n<\/div>\n<div class=\"maxi-form-note\">\n\t<p>* Felder mit einem Sternchen sind Pflichtfelder.\n\t<\/p>\n<\/div>\n<input class=\"wpcf7-form-control wpcf7-hidden\" id=\"maxi-selected-products\" value=\"\" type=\"hidden\" name=\"selected-products\" \/>\n<p><input class=\"wpcf7-form-control wpcf7-submit has-spinner maxi-submit-btn\" type=\"submit\" value=\"senden\" \/>\n<\/p><div class=\"wpcf7-response-output\" aria-hidden=\"true\"><\/div>\n<\/form>\n<\/div>\n                <\/div>\n\n            <\/div>\n        <\/div>\n\n    <\/div>\n    [\/vc_column_text][\/vc_column][\/vc_row]\n","protected":false},"excerpt":{"rendered":"<p>[vc_row type=&#8220;in_container&#8220; full_screen_row_position=&#8220;middle&#8220; column_margin=&#8220;default&#8220; column_direction=&#8220;default&#8220; column_direction_tablet=&#8220;default&#8220; column_direction_phone=&#8220;default&#8220; scene_position=&#8220;center&#8220; text_color=&#8220;dark&#8220; text_align=&#8220;left&#8220; row_border_radius=&#8220;none&#8220; row_border_radius_applies=&#8220;bg&#8220; overflow=&#8220;visible&#8220; overlay_strength=&#8220;0.3&#8243; gradient_direction=&#8220;left_to_right&#8220; shape_divider_position=&#8220;bottom&#8220; bg_image_animation=&#8220;none&#8220;][vc_column column_padding=&#8220;no-extra-padding&#8220; column_padding_tablet=&#8220;inherit&#8220; column_padding_phone=&#8220;inherit&#8220; column_padding_position=&#8220;all&#8220; column_element_direction_desktop=&#8220;default&#8220; column_element_spacing=&#8220;default&#8220; desktop_text_alignment=&#8220;default&#8220; tablet_text_alignment=&#8220;default&#8220; phone_text_alignment=&#8220;default&#8220; background_color_opacity=&#8220;1&#8243; background_hover_color_opacity=&#8220;1&#8243; column_backdrop_filter=&#8220;none&#8220; column_shadow=&#8220;none&#8220;&#8230;<\/p>\n","protected":false},"author":1,"featured_media":0,"parent":0,"menu_order":0,"comment_status":"closed","ping_status":"closed","template":"","meta":{"footnotes":""},"class_list":["post-499","page","type-page","status-publish"],"_links":{"self":[{"href":"https:\/\/maxi-online.it\/de\/wp-json\/wp\/v2\/pages\/499","targetHints":{"allow":["GET"]}}],"collection":[{"href":"https:\/\/maxi-online.it\/de\/wp-json\/wp\/v2\/pages"}],"about":[{"href":"https:\/\/maxi-online.it\/de\/wp-json\/wp\/v2\/types\/page"}],"author":[{"embeddable":true,"href":"https:\/\/maxi-online.it\/de\/wp-json\/wp\/v2\/users\/1"}],"replies":[{"embeddable":true,"href":"https:\/\/maxi-online.it\/de\/wp-json\/wp\/v2\/comments?post=499"}],"version-history":[{"count":1,"href":"https:\/\/maxi-online.it\/de\/wp-json\/wp\/v2\/pages\/499\/revisions"}],"predecessor-version":[{"id":500,"href":"https:\/\/maxi-online.it\/de\/wp-json\/wp\/v2\/pages\/499\/revisions\/500"}],"wp:attachment":[{"href":"https:\/\/maxi-online.it\/de\/wp-json\/wp\/v2\/media?parent=499"}],"curies":[{"name":"wp","href":"https:\/\/api.w.org\/{rel}","templated":true}]}}