{"id":1131,"date":"2025-10-01T10:04:52","date_gmt":"2025-10-01T08:04:52","guid":{"rendered":"https:\/\/maxi-online.it\/?page_id=1131"},"modified":"2026-03-18T15:53:55","modified_gmt":"2026-03-18T14:53:55","slug":"privacy-policy","status":"publish","type":"page","link":"https:\/\/maxi-online.it\/de\/privacy-policy\/","title":{"rendered":"Privacy Policy"},"content":{"rendered":"<h2>DATENSCHUTZERKL\u00c4RUNG DER WEBSITE<\/h2>\n<h2>INFORMATIONEN ZUR VERARBEITUNG PERSONENBEZOGENER DATEN DER NUTZER, DIE AUF DIE WEBSITE ZUGREIFEN<\/h2>\n<p><em>gem\u00e4\u00df Artikel 13 der Verordnung (EU) 2016\/679 zum Schutz nat\u00fcrlicher Personen bei der Verarbeitung personenbezogener Daten (im Folgenden der K\u00fcrze halber \u201e<strong>Verordnung<\/strong>\u201c oder \u201e<strong>EU-VO<\/strong>\u201c)<\/em><\/p>\n<p>&nbsp;<\/p>\n<p>Der \u201eVerantwortliche f\u00fcr die Datenverarbeitung\u201c, wie unter Punkt 7 dieser Information angegeben, stellt Ihnen gem\u00e4\u00df und im Sinne von Art. 13 der EU-VO 679\/2016 die folgenden Informationen \u00fcber die Verarbeitung Ihrer personenbezogenen Daten bereit, die \u00fcber diese <em>Website<\/em> erfolgt.<\/p>\n<ol>\n<li><strong> Art der verarbeiteten Daten, Zwecke und Rechtsgrundlage der Verarbeitunga.<br \/>\na. <\/strong><strong>Vom Nutzer freiwillig bereitgestellte Daten<\/strong><\/li>\n<\/ol>\n<p>Der Verantwortliche erhebt und verarbeitet personenbezogene Daten, die von den Besuchern dieser Website freiwillig bereitgestellt werden. Die Besucher k\u00f6nnen die Website auch nutzen, ohne pers\u00f6nliche Informationen und Daten offenzulegen. Jeder Besucher kann entscheiden, begrenzte personenbezogene Daten bereitzustellen, wie angefordert, um Informationen \u00fcber unsere Dienstleistungen zu erhalten. Nach der Registrierung werden die erhobenen personenbezogenen Daten ausschlie\u00dflich f\u00fcr die in der entsprechenden Information angegebenen Dienste verwendet. Die Rechtsgrundlage der Verarbeitung ist daher die Erf\u00fcllung vertraglicher Verpflichtungen (Anfragen) des anfragenden Nutzers sowie\/ oder die Einwilligung.<\/p>\n<p>Die Besucher der Website k\u00f6nnen ihre Daten f\u00fcr die folgenden Dienste bereitstellen, sofern diese auf der jeweiligen Website aktiv sind:<\/p>\n<ul>\n<li>sich f\u00fcr unseren Newsletter anmelden;<\/li>\n<li>Informationen \u00fcber Dienstleistungen\/Produkte, Angebote, Kostenvoranschl\u00e4ge anfordern;<\/li>\n<li>sich f\u00fcr Veranstaltungen anmelden;<\/li>\n<li>Dienstleistungen\/Produkte\/Gutscheine erwerben;<\/li>\n<li>\u201eArbeiten Sie mit uns\u201c.<\/li>\n<\/ul>\n<p>&nbsp;<\/p>\n<p>Nachfolgend werden spezifische Hinweise zum Betrieb dieser einzelnen Bereiche der Website aufgef\u00fchrt, sofern diese aktiv sind<\/p>\n<ul>\n<li><strong>Bereich: <em>Kontaktanfrage<\/em><\/strong><\/li>\n<\/ul>\n<p>Der Bereich \u201eKontaktanfrage\u201c bietet die M\u00f6glichkeit, Informationen zu Dienstleistungen, Produkten, Veranstaltungen\/Kursen anzufordern sowie Kostenvoranschl\u00e4ge einzuholen. Wenn Sie sich entscheiden, Ihre personenbezogenen Daten zu \u00fcbermitteln, werden diese ausschlie\u00dflich zu diesen Zwecken von eigens beauftragtem Personal und gem\u00e4\u00df den \u00fcblichen internen Verfahren verarbeitet.<\/p>\n<ul>\n<li><strong>Bereich: <em>Online-Eink\u00e4ufe<\/em><\/strong><\/li>\n<\/ul>\n<p>Die Bereiche \u201eOnline-Shopping\u201c bieten die M\u00f6glichkeit, die auf dieser Website angebotenen Produkte zu erwerben. Wenn Sie sich entscheiden, Ihre personenbezogenen Daten zu \u00fcbermitteln, werden diese ausschlie\u00dflich zu diesen Zwecken von eigens beauftragtem Personal und gem\u00e4\u00df den \u00fcblichen internen Verfahren verarbeitet. Zu diesem Zweck ist der Nutzer verpflichtet, bestimmte obligatorische Daten bereitzustellen, andernfalls wird er vom Online-Verkaufsservice ausgeschlossen. Der Kauf ist au\u00dferdem von der ausdr\u00fccklichen Annahme \u2013 durch Setzen eines H\u00e4kchens im entsprechenden Feld &#8211; der Datenschutzerkl\u00e4rung sowie der Verkaufsbedingungen der Gesellschaft abh\u00e4ngig.<\/p>\n<ul>\n<li><strong>Bereich: <em>Newsletter<\/em><\/strong><\/li>\n<\/ul>\n<p>Sofern der Nutzer der Website beschlie\u00dft, sich f\u00fcr unseren Newsletter anzumelden, muss er seine personenbezogenen Daten (z. B. E-Mail-Adresse usw.) durch Ausf\u00fcllen des entsprechenden Formulars im Bereich \u201eNewsletter\u201c angeben. Die so erhobenen Daten werden f\u00fcr den Versand des Newsletters und in jedem Fall gem\u00e4\u00df den Angaben in der Information verarbeitet, die am Ende des Registrierungsformulars f\u00fcr den Dienst enthalten ist.<\/p>\n<ul>\n<li><strong>Section: <em>Arbeiten Sie mit uns<\/em><\/strong><\/li>\n<\/ul>\n<p>Sofern der Nutzer der Website beschlie\u00dft, seine Bewerbung online einzureichen, muss er seine personenbezogenen Daten (z. B. Vorname, Nachname, E-Mail-Adresse usw.) sowie seinen Lebenslauf und seine Anfrage durch Ausf\u00fcllen des entsprechenden Formulars im Bereich \u201eArbeiten Sie mit uns\u201c angeben. Die so erhobenen Daten werden zur Bewertung der Stelle f\u00fcr einen Zeitraum von maximal 24 Monaten verarbeitet.<\/p>\n<ul>\n<li><strong><em>Cookies \/ Werbeanzeigen<\/em><\/strong><\/li>\n<\/ul>\n<p>Cookies sind kleine Textdateien, die von bestimmten Websites auf dem Computer des Besuchers gespeichert werden. Cookies sind f\u00fcr den Computer, das Tablet oder das Smartphone des Besuchers nicht sch\u00e4dlich.<\/p>\n<p>F\u00fcr die Website und die entsprechenden Subdomains verwenden wir Cookies und holen, sofern gesetzlich oder durch geltende Vorschriften vorgesehen, die Einwilligung des Nutzers ein, um die Navigation zu erleichtern und die dem Nutzer bereitgestellten Informationen zu personalisieren. Dar\u00fcber hinaus werden Systeme verwendet, um Informationen \u00fcber die Nutzer zu sammeln, wie beispielsweise IP-Adresse, Browsertyp und verwendetes Betriebssystem und\/oder vom Nutzer besuchte Webseiten, zu statistischen oder sicherheitsbezogenen Zwecken.<\/p>\n<p>Die Rechtsgrundlage der Verarbeitung ist daher das berechtigte Interesse des Verantwortlichen im Falle technischer Cookies sowie die Einwilligung der betroffenen Person im Falle von Profiling-Cookies.<\/p>\n<p>In Bezug auf Cookies wird auf die entsprechende COOKIE-RICHTLINIE verwiesen, die \u00fcber die Startseite der Website zug\u00e4nglich ist.<\/p>\n<p><strong>b. Navigationsdaten<\/strong><\/p>\n<p>Die f\u00fcr den Betrieb dieser Website eingesetzten IT-Systeme und Softwareverfahren erfassen im Rahmen ihres normalen Betriebs einige personenbezogene Daten, deren \u00dcbertragung mit der Nutzung der Internet-Kommunikationsprotokolle verbunden ist.<\/p>\n<p>Es handelt sich um Informationen, die nicht erhoben werden, um identifizierten Personen zugeordnet zu werden, die jedoch aufgrund ihrer Beschaffenheit durch Verarbeitung und Verkn\u00fcpfung mit Daten Dritter die Identifizierung der Nutzer erm\u00f6glichen k\u00f6nnten.<\/p>\n<p>Zu dieser Datenkategorie geh\u00f6ren IP-Adressen oder Domainnamen der von den Nutzern verwendeten Computer, die URI-Adressen (Uniform Resource Identifier) der angeforderten Ressourcen, der Zeitpunkt der Anfrage, die Methode zur \u00dcbermittlung der Anfrage an den Server, die Gr\u00f6\u00dfe der als Antwort erhaltenen Datei, der numerische Code, der den Status der vom Server gegebenen Antwort angibt (erfolgreich, Fehler usw.), sowie weitere Parameter in Bezug auf das Betriebssystem und die IT-Umgebung des Nutzers.<\/p>\n<p>Diese Daten werden ausschlie\u00dflich dazu verwendet, anonyme statistische Informationen \u00fcber die Nutzung der Website zu erhalten und deren ordnungsgem\u00e4\u00dfen Betrieb zu kontrollieren, und werden unmittelbar nach der Verarbeitung gel\u00f6scht. Die Daten k\u00f6nnten zur Feststellung der Verantwortlichkeit im Falle hypothetischer Computerstraftaten zum Nachteil der Website verwendet werden: abgesehen von dieser M\u00f6glichkeit werden derzeit die Daten \u00fcber Webkontakte nicht gespeichert.<\/p>\n<p>Die Rechtsgrundlage der Verarbeitung ist daher das berechtigte Interesse des Verantwortlichen an der Durchf\u00fchrung und Verbesserung der bereitgestellten Website-Dienste..<\/p>\n<ol start=\"2\">\n<li><strong> Art der Bereitstellung der Daten und Folgen der Nichtbereitstellung<\/strong><\/li>\n<\/ol>\n<p>Die Bereitstellung der Daten f\u00fcr die Zwecke gem\u00e4\u00df Punkt 1 Buchstabe a) (Erbringung der vom Nutzer angeforderten Dienstleistungen) ist freiwillig, jedoch erforderlich, um die angeforderten Leistungen zu erbringen, mit Ausnahme der Daten, f\u00fcr die eine optionale Bereitstellung vorgesehen ist. Die Verweigerung der Bereitstellung personenbezogener Daten oder die Nichtabgabe der Einwilligung zu deren Verarbeitung f\u00fchrt \u2013 f\u00fcr Daten, f\u00fcr die keine optionale Bereitstellung vorgesehen ist \u2013 dazu, dass der Verantwortliche die angeforderten Leistungen nicht erbringen kann.<\/p>\n<p>Die Bereitstellung der Daten f\u00fcr die Zwecke gem\u00e4\u00df Punkt 1 Buchstabe b) dieser Information (Navigationsdaten) ist f\u00fcr die Funktionsf\u00e4higkeit der Website erforderlich, vorbehaltlich der M\u00f6glichkeit einer anonymen Nutzung. In diesem Fall werden keine Navigationsdaten des Nutzers verarbeitet.<\/p>\n<ol start=\"3\">\n<li><strong> Modalit\u00e4ten der Verarbeitung und Datensicherheit<\/strong><\/li>\n<\/ol>\n<p>Die Verarbeitung Ihrer personenbezogenen Daten erfolgt unter Beachtung der Grunds\u00e4tze der Rechtm\u00e4\u00dfigkeit, Verarbeitung nach Treu und Glauben und Transparenz sowie unter Wahrung Ihrer Privatsph\u00e4re und der Ihrer Familienangeh\u00f6rigen gem\u00e4\u00df Artikel 5 der EU-VO.<\/p>\n<p>Die Verarbeitung kann manuell mit Papierdokumenten sowie mit Hilfe elektronischer oder automatisierter Mittel erfolgen.<\/p>\n<p>Ihre personenbezogenen Daten werden unter Verwendung geeigneter technischer und organisatorischer Sicherheitsma\u00dfnahmen gem\u00e4\u00df Art. 32 der EU-VO verarbeitet, um ein dem Risiko angemessenes Sicherheitsniveau zu gew\u00e4hrleisten und die Risiken der Zerst\u00f6rung oder des Verlusts, des unbefugten Zugriffs oder einer nicht den Zwecken entsprechenden Verarbeitung zu minimieren.<\/p>\n<p>Ihre personenbezogenen Daten sind weder Gegenstand automatisierter Entscheidungsprozesse noch von Profiling.<\/p>\n<ol start=\"4\">\n<li><strong> \u00dcbermittlung der Daten und \u00dcbertragung ins Ausland<\/strong><\/li>\n<\/ol>\n<p>F\u00fcr die Durchf\u00fchrung der unter Punkt 1 genannten Zwecke kann der Verantwortliche Ihre personenbezogenen Daten an vertrauensw\u00fcrdige externe Parteien weitergeben, insbesondere:<\/p>\n<ul>\n<li>an Unternehmen der Gruppe;<\/li>\n<li>an Kreditinstitute f\u00fcr Bankdienstleistungen und Zahlungen, an Unternehmen, die computergest\u00fctzte Postdienste verwalten, an Unternehmen f\u00fcr Archivierung und Dokumentenspeicherung sowie an andere ausgelagerte Dienstleister;<\/li>\n<li>an Rechts- und Steuerberater des Verantwortlichen oder IT-Berater f\u00fcr die Verwaltung der Website oder der Dienstleistungen;<\/li>\n<li>an Versicherungs- oder R\u00fcckversicherungsunternehmen oder direkt an Dritte im Falle von Regressanspr\u00fcchen.<\/li>\n<\/ul>\n<p>Die genannten Parteien verarbeiten die Daten je nach Fall als eigenst\u00e4ndige Verantwortliche oder als \u201eAuftragsverarbeiter\u201c, die entsprechend gem\u00e4\u00df Artikel 28 der EU-VO beauftragt wurden.<\/p>\n<p>Ihre personenbezogenen Daten werden nicht verbreitet.<\/p>\n<p>Die Navigationsdaten k\u00f6nnen zu den angegebenen Zwecken an Unternehmen der Gruppe weitergegeben werden.<\/p>\n<ol start=\"5\">\n<li><strong> Verkn\u00fcpfungen zu Websites Dritter<\/strong><\/li>\n<\/ol>\n<p>Bitte beachten Sie, dass diese Website Links zu anderen Websites enthalten kann, die nicht von dieser Datenschutzerkl\u00e4rung geregelt werden.<\/p>\n<ol start=\"6\">\n<li><strong> Speicherdauer der personenbezogenen Daten<\/strong><\/li>\n<\/ol>\n<p>Die vom Nutzer freiwillig bereitgestellten personenbezogenen Daten werden f\u00fcr den Zeitraum gespeichert, der zur Erf\u00fcllung der angegebenen Zwecke erforderlich ist. Vertrags- oder steuerliche Daten werden f\u00fcr die gesamte Dauer des Vertragsverh\u00e4ltnisses und auch nach dessen Beendigung f\u00fcr den Zeitraum aufbewahrt, der zur Erf\u00fcllung aller anwendbaren gesetzlichen Verpflichtungen (z. B. steuerlicher Art) und\/oder administrativer Verpflichtungen im Zusammenhang mit oder infolge des Vertragsverh\u00e4ltnisses erforderlich ist (10 Jahre). Marketing- oder Newsletter-Daten werden f\u00fcr die gesetzlich vorgesehene Dauer und in jedem Fall bis zum Widerruf der Einwilligung gespeichert. Daten, die zur Einholung blo\u00dfer Informationen bereitgestellt werden, werden nach Erbringung der Dienstleistung gel\u00f6scht. Daten, die zur Bewertung von Bewerbungen bereitgestellt werden, werden f\u00fcr den zur Bewertung der Bewerbung erforderlichen Zeitraum und f\u00fcr einen anschlie\u00dfenden Zeitraum von 24 Monaten verarbeitet.<\/p>\n<p>Die Navigationsdaten werden f\u00fcr den Zeitraum gespeichert, der zur Erf\u00fcllung der angegebenen Zwecke erforderlich ist, und h\u00f6chstens 30 Tage ab ihrer Erhebung.<\/p>\n<ol start=\"7\">\n<li><strong> Identit\u00e4t und Kontaktdaten des Verantwortlichen und des Datenschutzbeauftragten (DPO)<\/strong><\/li>\n<\/ol>\n<table>\n<tbody>\n<tr>\n<td width=\"190\">WEBSITE<\/td>\n<td width=\"254\">VERANTWORTLICHER F\u00dcR DIE DATENVERARBEITUNG<\/td>\n<td width=\"198\">DATENSCHUTZBEAUFTRAGTER (DPO)<\/td>\n<\/tr>\n<tr>\n<td width=\"190\"><a href=\"http:\/\/www.alego.it\" target=\"_blank\" rel=\"noopener\">www.alego.it<\/a><\/td>\n<td width=\"254\"><strong>Coster2<\/strong> Srl, Via G. Galilei 10, 39100 Bolzano (BZ), email\u00a0<a href=\"mailto:privacy@coster2.it\">privacy@coster2.it<\/a>, tel. 0471 533690, PEC\u00a0<a href=\"mailto:coster2srl@legalmail.it\">coster2srl@legalmail.it<\/a><\/td>\n<td width=\"198\">n\/a<\/td>\n<\/tr>\n<tr>\n<td width=\"190\">n\/a<\/td>\n<td width=\"254\"><strong>Eneco Valcanale <\/strong>S.r.l., Via Officine 2, 33018 Tarvisio (UD), email\u00a0<a href=\"mailto:privacy@eneco.it\">privacy@eneco.it<\/a>, tel. 0471 533630, PEC\u00a0<a href=\"mailto:eneco-valcanale-poh@pec.it\">eneco-valcanale-poh@pec.it<\/a><\/td>\n<td width=\"198\">n\/a<\/td>\n<\/tr>\n<tr>\n<td width=\"190\">www.podinire.it<\/p>\n<p>www.prestsrl.it<\/p>\n<p>www.immoholding.it<\/p>\n<p>www.palais9.it<\/p>\n<p>www.villa-martina.it<\/p>\n<p>www.salou19.it<\/p>\n<p>www.tee10.it<\/p>\n<p><a href=\"http:\/\/www.marlintower.it\" target=\"_blank\" rel=\"noopener\">www.marlintower.it<\/a><\/td>\n<td width=\"254\"><strong>P.RE.ST. S.r.l., <\/strong>Via G. Galilei 10, 39100 Bolzano (BZ), email privacy@prestsrl.it, tel. 0471 533690, PEC prestsrl-poh@pec.it<\/td>\n<td width=\"198\">n\/a<\/td>\n<\/tr>\n<tr>\n<td width=\"190\"><a href=\"http:\/\/www.larimar-jesolo.it\" target=\"_blank\" rel=\"noopener\">www.larimar-jesolo.it<\/a><\/td>\n<td width=\"254\"><strong>Larimar S.r.l.<\/strong>, Piazza Drago 4, 30016 Jesolo (VE), email\u00a0<a href=\"mailto:privacy@larimar-jesolo.it\">privacy@larimar-jesolo.it<\/a>, tel. 0421 972230, PEC\u00a0<a href=\"mailto:larimar-poh@pec.it\">larimar-poh@pec.it<\/a><\/td>\n<td width=\"198\">n\/a<\/td>\n<\/tr>\n<tr>\n<td width=\"190\"><a href=\"http:\/\/www.maxi-online.it\">www.maxi-online.it<\/a><\/td>\n<td width=\"254\"><strong>Maxi S.r.l.<\/strong>, Via G. Galilei 10, Bolzano, email\u00a0<a href=\"mailto:privacy@maxi-online.it\">privacy@maxi-online.it<\/a>, tel. 0471 533590, PEC\u00a0<a href=\"mailto:maxi-poh@pec.it\">maxi-poh@pec.it<\/a><\/td>\n<td width=\"198\">n\/a<\/td>\n<\/tr>\n<tr>\n<td width=\"190\">www.castel-hoertenberg.com<\/p>\n<p>www.hoertenberg-homes.com<\/p>\n<p><a href=\"http:\/\/www.hotel-citta.com\" target=\"_blank\" rel=\"noopener\">www.hotel-citta.com<\/a><\/td>\n<td width=\"254\"><strong>PH Hotel S.r.l.<\/strong>, Via Monte Tondo 4, Bolzano, email\u00a0<a href=\"mailto:privacy@phhotel.it\">privacy@phhotel.it<\/a>, tel. 0471 979027, PEC\u00a0<a href=\"mailto:ph-hotel-poh@pec.it\">ph-hotel-poh@pec.it<\/a><\/td>\n<td width=\"198\">n\/a<\/td>\n<\/tr>\n<tr>\n<td width=\"190\">www.podinifoundation.it<\/td>\n<td width=\"254\"><strong>Podini Foundation ETS<\/strong>, Via G. Galilei 10, 39100 Bolzano (BZ), email privacy@podinifoundation.it, tel.\/URP 0471 533533<\/td>\n<td width=\"198\">n\/a<\/td>\n<\/tr>\n<tr>\n<td width=\"190\">www.podiniholding.it<\/p>\n<p>www.podinispa.it<\/p>\n<p><a href=\"http:\/\/www.eneco.it\" target=\"_blank\" rel=\"noopener\">www.eneco.it<\/a><\/td>\n<td width=\"254\"><strong>Podini S.p.a.<\/strong>, Via S. Lattauda 30, 20135 Milano (MI) email privacy@podinispa.it, tel.\/URP 0471 533533, PEC podinispa-poh@pec.it.<\/td>\n<td width=\"198\">dpo@podinispa.it<\/td>\n<\/tr>\n<tr>\n<td width=\"190\">www.ampeleia.it<\/td>\n<td width=\"254\"><strong>Societ\u00e0 Agricola Ampeleia S.r.l.<\/strong>, Fraz. Roccatederighi, Localit\u00e0 Meleta, 58036 Roccastrada (GR), email privacy@ampeleia.it, tel.\/URP 0564 567151, PEC: ampeleia-poh@pec.it.<\/td>\n<td width=\"198\">n\/a<\/td>\n<\/tr>\n<tr>\n<td width=\"190\">www.twenty.it<\/td>\n<td width=\"254\"><strong>Twentyone S.r.l.<\/strong>, Via G. Galilei 16, 39100 Bolzano (BZ) email privacy@twentybz.it, tel.\/URP 0471 533533, PEC twenty-poh@pec.it<\/td>\n<td width=\"198\">dpo@twentybz.it<\/p>\n<p>dpo@twenty.it<\/td>\n<\/tr>\n<tr>\n<td width=\"190\">www.union-plus.it<\/p>\n<p><a href=\"http:\/\/www.podys.com\" target=\"_blank\" rel=\"noopener\">www.podys.com<\/a><\/td>\n<td width=\"254\"><strong>Unionplus S.r.l.<\/strong>, Via G. Galilei 10, 39100 Bolzano (BZ), email privacy@union-plus.it, tel.\/URP 0471 533575, PEC unionplus-poh@pec.it<\/td>\n<td width=\"198\">n\/a<\/td>\n<\/tr>\n<\/tbody>\n<\/table>\n<p>&nbsp;<\/p>\n<p>Der <u>Datenschutz-Ansprechpartner<\/u>, an den Sie sich zur Aus\u00fcbung der in der EU-Verordnung vorgesehenen und im nachfolgenden Punkt aufgef\u00fchrten Rechte wenden k\u00f6nnen, ist unter folgenden Kontaktdaten erreichbar: Via G. Galilei 10, 39100 Bozen (BZ), E-Mail: privacy@podinispa.it, Telefon (Sekretariat\/URP): 0471 533533.<\/p>\n<ol start=\"8\">\n<li><strong> Rechte der betroffenen Person<\/strong><\/li>\n<\/ol>\n<p>Sie haben jederzeit gem\u00e4\u00df den Artikeln 15 bis 22 der Verordnung (EU) 2016\/679 das Recht:<\/p>\n<p>a. eine Best\u00e4tigung dar\u00fcber zu verlangen, ob personenbezogene Daten, die Sie betreffen, vorhanden sind oder nicht;<\/p>\n<p>b. Auskunft zu erhalten \u00fcber die Zwecke der Verarbeitung, die Kategorien personenbezogener Daten, die Empf\u00e4nger oder Kategorien von Empf\u00e4ngern, gegen\u00fcber denen die personenbezogenen Daten offengelegt worden sind oder noch offengelegt werden, sowie \u2013 soweit m\u00f6glich \u2013 die Speicherdauer;<\/p>\n<p>c. die Berichtigung und L\u00f6schung der Daten zu erlangen;<\/p>\n<p>d. die Einschr\u00e4nkung der Verarbeitung zu erlangen;<\/p>\n<p>e. (sofern anwendbar) die Daten\u00fcbertragbarkeit zu erlangen, d. h. die personenbezogenen Daten von einem Verantwortlichen in einem strukturierten, g\u00e4ngigen und maschinenlesbaren Format zu erhalten und diese einem anderen Verantwortlichen ohne Behinderung zu \u00fcbermitteln;<\/p>\n<p>f. jederzeit Widerspruch gegen die Verarbeitung einzulegen, auch im Falle der Verarbeitung zu Zwecken des Direktmarketings;<\/p>\n<p>g. gegen eine automatisierte Entscheidungsfindung in Bezug auf nat\u00fcrliche Personen, einschlie\u00dflich Profiling, Widerspruch einzulegen;<\/p>\n<p>h. vom Verantwortlichen Zugang zu den personenbezogenen Daten sowie deren Berichtigung oder L\u00f6schung oder Einschr\u00e4nkung der Verarbeitung, die Sie betrifft, zu verlangen oder der Verarbeitung zu widersprechen, zus\u00e4tzlich zum Recht auf Daten\u00fcbertragbarkeit;<\/p>\n<p>i. die Einwilligung jederzeit zu widerrufen, ohne dass die Rechtm\u00e4\u00dfigkeit der aufgrund der Einwilligung bis zum Widerruf erfolgten Verarbeitung ber\u00fchrt wird;<\/p>\n<p>j. eine Beschwerde bei der Datenschutzbeh\u00f6rde (\u201eGarante per la protezione dei dati personali\u201c), mit Sitz in Rom, Piazza Venezia Nr. 11, offizielle Website: <a href=\"http:\/\/www.garanteprivacy.it\/\" target=\"_blank\" rel=\"noopener\">www.garanteprivacy.it<\/a>, einzureichen.<\/p>\n<p>&nbsp;<\/p>\n<p>Die Aus\u00fcbung der Rechte kann erfolgen, indem der Verantwortliche, der Referent f\u00fcr den Datenschutz oder der Datenschutzbeauftragte, sofern vorhanden, unter den im vorherigen Punkt angegebenen Kontaktdaten kontaktiert wird.<\/p>\n<p>Der Verantwortliche beh\u00e4lt sich das Recht vor, Teile dieser Datenschutzerkl\u00e4rung infolge sp\u00e4terer \u00c4nderungen in diesem Bereich zu \u00e4ndern, zu aktualisieren, hinzuzuf\u00fcgen oder zu entfernen. Die betroffene Person ist verpflichtet, etwaige \u00c4nderungen regelm\u00e4\u00dfig auf der Website der Gesellschaft zu \u00fcberpr\u00fcfen.<\/p>\n<ol start=\"9\">\n<li><strong> Minderj\u00e4hrige<\/strong><\/li>\n<\/ol>\n<p>Die durch diese Datenschutzerkl\u00e4rung geregelte Website ist nicht f\u00fcr die Nutzung durch Minderj\u00e4hrige unter 16 Jahren f\u00fcr IT-Dienstleistungen und unter 18 Jahren f\u00fcr vertragliche Dienstleistungen, E-Commerce und eventuelle Bewerbungen bestimmt. Wir verstehen die Bedeutung des Schutzes von Informationen von Minderj\u00e4hrigen, insbesondere im Online-Umfeld, und sammeln und speichern daher wissentlich keine personenbezogenen Daten von Minderj\u00e4hrigen.<\/p>\n","protected":false},"excerpt":{"rendered":"<p>DATENSCHUTZERKL\u00c4RUNG DER WEBSITE INFORMATIONEN ZUR VERARBEITUNG PERSONENBEZOGENER DATEN DER NUTZER, DIE AUF DIE WEBSITE ZUGREIFEN gem\u00e4\u00df Artikel 13 der Verordnung (EU) 2016\/679 zum Schutz nat\u00fcrlicher Personen bei der Verarbeitung personenbezogener&#8230;<\/p>\n","protected":false},"author":3,"featured_media":0,"parent":0,"menu_order":0,"comment_status":"closed","ping_status":"closed","template":"","meta":{"footnotes":""},"class_list":["post-1131","page","type-page","status-publish"],"_links":{"self":[{"href":"https:\/\/maxi-online.it\/de\/wp-json\/wp\/v2\/pages\/1131","targetHints":{"allow":["GET"]}}],"collection":[{"href":"https:\/\/maxi-online.it\/de\/wp-json\/wp\/v2\/pages"}],"about":[{"href":"https:\/\/maxi-online.it\/de\/wp-json\/wp\/v2\/types\/page"}],"author":[{"embeddable":true,"href":"https:\/\/maxi-online.it\/de\/wp-json\/wp\/v2\/users\/3"}],"replies":[{"embeddable":true,"href":"https:\/\/maxi-online.it\/de\/wp-json\/wp\/v2\/comments?post=1131"}],"version-history":[{"count":4,"href":"https:\/\/maxi-online.it\/de\/wp-json\/wp\/v2\/pages\/1131\/revisions"}],"predecessor-version":[{"id":1136,"href":"https:\/\/maxi-online.it\/de\/wp-json\/wp\/v2\/pages\/1131\/revisions\/1136"}],"wp:attachment":[{"href":"https:\/\/maxi-online.it\/de\/wp-json\/wp\/v2\/media?parent=1131"}],"curies":[{"name":"wp","href":"https:\/\/api.w.org\/{rel}","templated":true}]}}